{"id":78,"date":"2017-10-09T22:47:57","date_gmt":"2017-10-09T20:47:57","guid":{"rendered":"http:\/\/badminton-moedling.at\/aibyt\/?page_id=78"},"modified":"2023-06-30T22:08:00","modified_gmt":"2023-06-30T20:08:00","slug":"location","status":"publish","type":"page","link":"http:\/\/badminton-moedling.at\/aibyt\/location\/","title":{"rendered":"location &#038; arrival"},"content":{"rendered":"<p><strong>Venue:<br \/><\/strong>Sporthalle M\u00f6dling<br \/>Dr. Hanns Sch\u00fcrff-Gasse 53<br \/>2340 M\u00f6dling<\/p>\n<p><a href=\"https:\/\/www.google.at\/maps\/place\/Sporthalle+M%C3%B6dling\/@48.0894502,16.2927478,15.75z\/data=!4m5!3m4!1s0x476daf102cc7e7e9:0x76602018cbec0865!8m2!3d48.0897475!4d16.2908511\" target=\"_blank\" rel=\"noopener noreferrer\">find the venue on google maps<\/a><\/p>\n<p><strong>Parking:<br \/><\/strong>You can find free parking spaces all around the venue.<\/p>\n<p><strong>Official points of arrival:<br \/><\/strong>Vienna International Airport (VIE)<\/p>\n<p><strong>Arrival:<br \/><\/strong>As M\u00f6dling is very close to Vienna, the capital of Austria, it\u2019s easily reachable from Vienna. So you can choose Vienna as travel destination and travel on to M\u00f6dling \/ Maria Enzersdorf.<\/p>\n<p>If you arrive by train\u2026 <br \/>you probably arrive in Vienna at the station \u201cWien Hauptbahnhof\u201d or \u201cWien Meidling\u201d. From there you can take the urban railway directly to \u201cM\u00f6dling Bahnhof\u201d (about 10 to 20 minutes). If you arrive at the \u201cWestbahnhof\u201d in Vienna, you can take the subway (U6) to \u201cWien Meidling\u201d and continue from there with the urban railway to \u201cBahnhof M\u00f6dling\u201d (further transport information see below). \u00a0<\/p>\n<p>If you arrive by plane\u2026 <br \/>we offer a transport from the Vienna International Airport to the official hotels (transport information see below).<\/p>\n<p>If you arrive by car\u2026 <br \/>via highway A21 you can take the highway exit \u201cHinterbr\u00fchl\u201d (if you come from the west) and the exit \u201cWiener Neudorf\u201d or \u201cM\u00f6dling\u201d on highway A2 (if you come from the south, north or east).<\/p>\n<p><strong>About the city M\u00f6dling\u2026<\/strong><br \/>M\u00f6dling is a very beautiful city only a few minutes away from the world famous city of Vienna. The city is located in the south of Vienna and is amidst the forest and recreation area of the Wienerwald. The historic city centre offers a beautiful pedestrian zone to stroll and enjoy some shopping, a coffee or some food. The city offers a rich cultural program and a cuisine reaching from the traditional \u201eHeurigen\u201c to gourmet restaurants. Because of the proximity to Vienna you also can visit the beautiful capital of our country.<\/p>\n\n\n<p><strong><\/strong><\/p>\n","protected":false},"excerpt":{"rendered":"<p>Venue:Sporthalle M\u00f6dlingDr. Hanns Sch\u00fcrff-Gasse 532340 M\u00f6dling find the venue on google maps Parking:You can find free parking spaces all around the venue. Official points of arrival:Vienna International Airport (VIE) Arrival:As M\u00f6dling is very close to Vienna, the capital of Austria, it\u2019s easily reachable from Vienna. So you can choose Vienna as travel destination and travel &hellip; <\/p>\n<p class=\"link-more\"><a href=\"http:\/\/badminton-moedling.at\/aibyt\/location\/\" class=\"more-link\"><span class=\"screen-reader-text\">\u201elocation &#038; arrival\u201c<\/span> weiterlesen<\/a><\/p>\n","protected":false},"author":1,"featured_media":0,"parent":0,"menu_order":0,"comment_status":"closed","ping_status":"closed","template":"","meta":{"footnotes":""},"class_list":["post-78","page","type-page","status-publish","hentry"],"_links":{"self":[{"href":"http:\/\/badminton-moedling.at\/aibyt\/wp-json\/wp\/v2\/pages\/78","targetHints":{"allow":["GET"]}}],"collection":[{"href":"http:\/\/badminton-moedling.at\/aibyt\/wp-json\/wp\/v2\/pages"}],"about":[{"href":"http:\/\/badminton-moedling.at\/aibyt\/wp-json\/wp\/v2\/types\/page"}],"author":[{"embeddable":true,"href":"http:\/\/badminton-moedling.at\/aibyt\/wp-json\/wp\/v2\/users\/1"}],"replies":[{"embeddable":true,"href":"http:\/\/badminton-moedling.at\/aibyt\/wp-json\/wp\/v2\/comments?post=78"}],"version-history":[{"count":17,"href":"http:\/\/badminton-moedling.at\/aibyt\/wp-json\/wp\/v2\/pages\/78\/revisions"}],"predecessor-version":[{"id":645,"href":"http:\/\/badminton-moedling.at\/aibyt\/wp-json\/wp\/v2\/pages\/78\/revisions\/645"}],"wp:attachment":[{"href":"http:\/\/badminton-moedling.at\/aibyt\/wp-json\/wp\/v2\/media?parent=78"}],"curies":[{"name":"wp","href":"https:\/\/api.w.org\/{rel}","templated":true}]}}