{"id":38,"date":"2017-10-07T23:11:04","date_gmt":"2017-10-07T21:11:04","guid":{"rendered":"http:\/\/badminton-moedling.at\/aibyt\/?page_id=38"},"modified":"2025-05-25T10:37:33","modified_gmt":"2025-05-25T08:37:33","slug":"about","status":"publish","type":"page","link":"http:\/\/badminton-moedling.at\/aibyt\/about\/","title":{"rendered":"about the event"},"content":{"rendered":"<p><strong>Key dates:\u00a0<\/strong><\/p>\n<ul>\n<li class=\"p1\">Entry closing date: 02<sup>nd<\/sup> September 2025 at 5:59 PM (GMT +02:00)<\/li>\n<li class=\"p1\">Withdrawal deadline: 22<sup>nd <\/sup>September 2025 at 11:59 PM (GMT +02:00)<\/li>\n<li class=\"p1\">Date of draw: 23<sup>rd<\/sup> September 2025<\/li>\n<li class=\"p1\">Team managers meeting: Thursday, 02<sup>nd<\/sup> October 2025, 08:00 PM at the venue<\/li>\n<\/ul>\n<p><strong>Organizer:<\/strong>\u00a0<a href=\"http:\/\/www.badminton-moedling.at\/\">Badminton M\u00f6dling<\/a><\/p>\n<p><strong>Presented by:<\/strong> <a href=\"http:\/\/badminton.at\/home.php\">Austrian Badminton Federation (\u00d6BV)<\/a><\/p>\n<p><strong>Venue:<br \/>\n<\/strong>Sporthalle M\u00f6dling<br \/>\nDr. Hanns Sch\u00fcrff-Gasse 53<br \/>\n2340 M\u00f6dling<\/p>\n<p><strong>Events:<\/strong> Men\u2019s singles, women\u2019s singles, men\u2019s doubles, women\u2019s doubles, mixed doubles<\/p>\n<p><strong>Entry Limits:<\/strong> MS 64, WS 64, MD 32, WD 32, XD 48<\/p>\n<p><strong>System:<\/strong> Knock-out for all 5 events<\/p>\n<p><strong>Time schedule (provisional)<\/strong><strong>:<\/strong><\/p>\n<p>Friday: from 09:00 am; R64 MS\/WS + R32 MD, WD, XD + R16 MD,WD<br \/>\nSaturday: from 09:00 am; R32 MS\/WS + R16 MS\/WS\/XD + QF<br \/>\nSunday: semi-finals from 09:00 am, finals not before 12:00 am<\/p>\n<p><strong>Courts:<\/strong> 5 courts<\/p>\n<p><strong>Shuttles: <\/strong>Victor Gold Champion<\/p>\n<p><strong>Eligibility: <\/strong>Open for players according to the current Badminton Europe-\/BWF-age-limit, so born 2009 or later<\/p>\n<p><strong>Prizes:<\/strong> cups or practical prizes for the winners and finalist in each event.<\/p>\n<p><strong>General:<\/strong> The organizer declines responsibility and covering of costs for possible injuries or other damages. It is up to each participant to insure himself.<\/p>\n<p><strong>Clothing<\/strong>: 13.1 Colour, design, lettering and advertising on clothing shall be regulated by BWF Statutes, Section 5.2.3: Junior Tournament Regulations \u00a7 12 to 16.<br \/>\n13.2 For all BEC U17 Circuit tournaments the name on the back of the shirt is optional.<\/p>\n<p><strong>GDPR: <\/strong>Referring to the General Data Protection Regulation of the EU, I would like to inform you, that by participating at the tournament, the players agree that photos of them will be taken during the tournament and may be used for further use. In addition they agree, that they will be filmed by television. Please contact us for any further information or disagreement.<br \/>\nThe photos taken at the tournament will also be made available to the players.<\/p>\n<p><strong>Doping Control:<\/strong><br \/>\nDoping control in badminton, in accordance with BWF Anti-Doping Regulations, is conducted out-of-competition and in-competition with the collection of urine and\/or blood samples.<br \/>\nAthletes are responsible for any substance found in their body. Before an athlete takes any medication, they should check with their doctor, and if necessary, get a Therapeutic Use Exemption (TUE).<br \/>\nFor more information about anti-doping, please visit the BWF website: <a href=\"https:\/\/corporate.bwfbadminton.com\/integrity\/anti-doping-overview\/\">https:\/\/corporate.bwfbadminton.com\/integrity\/anti-doping-overview\/<\/a><\/p>\n<p><strong>Badminton Integrity<\/strong>: Section 2.4 of the BWF Statutes (Code on The Prevention of The Manipulation of Competitions) relates to anti-corruption and anti-match manipulation, and this code applies to all participants at this tournament.<br \/>\nTo protect the integrity of BWF sanctioned tournaments, participants are not allowed to bet in any way on badminton matches, shall respect the principle of fair play, and shall not attempt to influence the course or result of a game or match.<br \/>\nEvery person has an obligation to report to the BWF any approaches by anyone to gather inside information or to change the outcome of a match(es).<br \/>\nFor more information, please refer to BWF\u2019s website:<br \/>\n<a href=\"https:\/\/corporate.bwfbadminton.com\/integrity\/anti-match-fixing-overview\/\">https:\/\/corporate.bwfbadminton.com\/integrity\/anti-match-fixing-overview\/\u00a0<\/a><\/p>\n<p class=\"p1\"><span class=\"s1\"><b>Compliance with General Competition Regulations Clause 7.9<br \/>\n<\/b><\/span>GCR 7.9: <i>\u201cIn making or authorising entries, the Member concerned is reconfirming its acceptance, and acceptance by the Players being entered, of the BWF\u2019s regulations and Disciplinary processes.\u201d<\/i><\/p>\n","protected":false},"excerpt":{"rendered":"<p>Key dates:\u00a0 Entry closing date: 02nd September 2025 at 5:59 PM (GMT +02:00) Withdrawal deadline: 22nd September 2025 at 11:59 PM (GMT +02:00) Date of draw: 23rd September 2025 Team managers meeting: Thursday, 02nd October 2025, 08:00 PM at the venue Organizer:\u00a0Badminton M\u00f6dling Presented by: Austrian Badminton Federation (\u00d6BV) Venue: Sporthalle M\u00f6dling Dr. Hanns Sch\u00fcrff-Gasse &hellip; <\/p>\n<p class=\"link-more\"><a href=\"http:\/\/badminton-moedling.at\/aibyt\/about\/\" class=\"more-link\"><span class=\"screen-reader-text\">\u201eabout the event\u201c<\/span> weiterlesen<\/a><\/p>\n","protected":false},"author":1,"featured_media":0,"parent":0,"menu_order":0,"comment_status":"closed","ping_status":"closed","template":"","meta":{"footnotes":""},"class_list":["post-38","page","type-page","status-publish","hentry"],"_links":{"self":[{"href":"http:\/\/badminton-moedling.at\/aibyt\/wp-json\/wp\/v2\/pages\/38","targetHints":{"allow":["GET"]}}],"collection":[{"href":"http:\/\/badminton-moedling.at\/aibyt\/wp-json\/wp\/v2\/pages"}],"about":[{"href":"http:\/\/badminton-moedling.at\/aibyt\/wp-json\/wp\/v2\/types\/page"}],"author":[{"embeddable":true,"href":"http:\/\/badminton-moedling.at\/aibyt\/wp-json\/wp\/v2\/users\/1"}],"replies":[{"embeddable":true,"href":"http:\/\/badminton-moedling.at\/aibyt\/wp-json\/wp\/v2\/comments?post=38"}],"version-history":[{"count":35,"href":"http:\/\/badminton-moedling.at\/aibyt\/wp-json\/wp\/v2\/pages\/38\/revisions"}],"predecessor-version":[{"id":801,"href":"http:\/\/badminton-moedling.at\/aibyt\/wp-json\/wp\/v2\/pages\/38\/revisions\/801"}],"wp:attachment":[{"href":"http:\/\/badminton-moedling.at\/aibyt\/wp-json\/wp\/v2\/media?parent=38"}],"curies":[{"name":"wp","href":"https:\/\/api.w.org\/{rel}","templated":true}]}}