{"id":112,"date":"2018-05-04T16:32:38","date_gmt":"2018-05-04T14:32:38","guid":{"rendered":"http:\/\/badminton-moedling.at\/aibyt\/?page_id=112"},"modified":"2025-05-25T10:41:30","modified_gmt":"2025-05-25T08:41:30","slug":"accomodation","status":"publish","type":"page","link":"http:\/\/badminton-moedling.at\/aibyt\/accomodation\/","title":{"rendered":"accomodation"},"content":{"rendered":"<h2><strong>Official Hotels:<\/strong><strong>\u00a0<\/strong><\/h2>\n<p><strong>Phoenix 7<br \/>\n<\/strong>Neudorfer Stra\u00dfe 7, 2340 M\u00f6dling<br \/>\nAUSTRIA<\/p>\n<p>+43 2236 86 66 55 \/ <a href=\"mailto:office@phoenix7.at\">office@phoenix7.at<\/a> \/ <a href=\"http:\/\/www.phoenix7.at\/hotel\/\" target=\"_blank\" rel=\"noopener noreferrer\">www.phoenix7.at\/hotel\/<\/a><\/p>\n<p>single room: \u20ac 75,- (incl. breakfast)<br \/>\ndouble room: \u20ac 99,- (incl. breakfast)<br \/>\n50 rooms available<\/p>\n<p><u>Booking<\/u>: Please book directly at the hotel by using the code word \u201cBadminton\u201d until 06<sup>th<\/sup> of September 2025!<br \/>\n<u>Payment<\/u>: Directly at the hotel.<\/p>\n<p>&nbsp;<\/p>\n<p><strong>HB1 Budget Hotel Wr. Neudorf<br \/>\n<\/strong>Industriezentrum N\u00d6 S\u00fcd, Ecke Stra\u00dfe 2\/Stra\u00dfe 3, 2355 Wr. Neudorf<br \/>\nAUSTRIA<\/p>\n<p>+43 664 7698000 \/ <a href=\"mailto:office@hb1.at\" target=\"_blank\" rel=\"noopener\">office@hb1.at<\/a> \/ <a href=\"https:\/\/www.hb1.at\/nc\/de\/wiener-neudorf.html\" target=\"_blank\" rel=\"noopener\">https:\/\/www.hb1.at\/nc\/de\/wiener-neudorf.html<\/a><\/p>\n<p>single room: \u20ac 56,40 (incl. breakfast)<br \/>\ndouble room: \u20ac 91,90 (incl. breakfast)<\/p>\n<p><u>Booking<\/u>: Please book directly at the hotel by using the code word \u201cBadminton\u201d until 06<sup>th\u00a0<\/sup>of September 2025!<br \/>\n<u>Payment<\/u>: Directly at the hotel.<\/p>\n<p>&nbsp;<\/p>\n<p><strong>Hotel Rainers21<br \/>\n<\/strong>Liebermannstra\u00dfe \/ Campus21, 2345 Brunn am Gebirge<br \/>\nAUSTRIA<\/p>\n<p><strong>\u00a0<\/strong>+43 1 36193 330 \/ <a href=\"mailto:rainers21@rainer-hotels.at\" target=\"_blank\" rel=\"noopener\">rainers21@rainer-hotels.at<\/a> \/ <a href=\"https:\/\/www.rainer-hotels.at\/rainers21\" target=\"_blank\" rel=\"noopener\">https:\/\/www.rainer-hotels.at\/rainers21<\/a><\/p>\n<p>Different rooms and categories available. 10% discount (further information in the invitation)<\/p>\n<p><u>Booking<\/u>: Please book directly at the hotel<\/p>\n<p><u>Payment<\/u>: Directly at the hotel.<\/p>\n<p>&nbsp;<\/p>\n<p>For more accommodation visit <a href=\"https:\/\/www.moedling.at\/Freizeit\/Erleben\/Unterkuenfte\" target=\"_blank\" rel=\"noopener noreferrer\">https:\/\/www.moedling.at\/Tourismus_Wirtschaft_Gastronomie\/Unterkuenfte<\/a><\/p>\n","protected":false},"excerpt":{"rendered":"<p>Official Hotels:\u00a0 Phoenix 7 Neudorfer Stra\u00dfe 7, 2340 M\u00f6dling AUSTRIA +43 2236 86 66 55 \/ office@phoenix7.at \/ www.phoenix7.at\/hotel\/ single room: \u20ac 75,- (incl. breakfast) double room: \u20ac 99,- (incl. breakfast) 50 rooms available Booking: Please book directly at the hotel by using the code word \u201cBadminton\u201d until 06th of September 2025! Payment: Directly at &hellip; <\/p>\n<p class=\"link-more\"><a href=\"http:\/\/badminton-moedling.at\/aibyt\/accomodation\/\" class=\"more-link\"><span class=\"screen-reader-text\">\u201eaccomodation\u201c<\/span> weiterlesen<\/a><\/p>\n","protected":false},"author":2,"featured_media":0,"parent":0,"menu_order":0,"comment_status":"closed","ping_status":"closed","template":"","meta":{"footnotes":""},"class_list":["post-112","page","type-page","status-publish","hentry"],"_links":{"self":[{"href":"http:\/\/badminton-moedling.at\/aibyt\/wp-json\/wp\/v2\/pages\/112","targetHints":{"allow":["GET"]}}],"collection":[{"href":"http:\/\/badminton-moedling.at\/aibyt\/wp-json\/wp\/v2\/pages"}],"about":[{"href":"http:\/\/badminton-moedling.at\/aibyt\/wp-json\/wp\/v2\/types\/page"}],"author":[{"embeddable":true,"href":"http:\/\/badminton-moedling.at\/aibyt\/wp-json\/wp\/v2\/users\/2"}],"replies":[{"embeddable":true,"href":"http:\/\/badminton-moedling.at\/aibyt\/wp-json\/wp\/v2\/comments?post=112"}],"version-history":[{"count":17,"href":"http:\/\/badminton-moedling.at\/aibyt\/wp-json\/wp\/v2\/pages\/112\/revisions"}],"predecessor-version":[{"id":803,"href":"http:\/\/badminton-moedling.at\/aibyt\/wp-json\/wp\/v2\/pages\/112\/revisions\/803"}],"wp:attachment":[{"href":"http:\/\/badminton-moedling.at\/aibyt\/wp-json\/wp\/v2\/media?parent=112"}],"curies":[{"name":"wp","href":"https:\/\/api.w.org\/{rel}","templated":true}]}}